{"id":9,"date":"2026-02-16T12:26:47","date_gmt":"2026-02-16T12:26:47","guid":{"rendered":"https:\/\/pierportobelo.com.br\/?page_id=9"},"modified":"2026-02-16T12:28:53","modified_gmt":"2026-02-16T12:28:53","slug":"dominio-a-venda","status":"publish","type":"page","link":"https:\/\/pierportobelo.com.br\/","title":{"rendered":"Dom\u00ednio \u00e1 Venda"},"content":{"rendered":"\t\t<div data-elementor-type=\"wp-page\" data-elementor-id=\"9\" class=\"elementor elementor-9\">\n\t\t\t\t<div class=\"elementor-element elementor-element-0d00ba6 e-flex e-con-boxed e-con e-parent\" data-id=\"0d00ba6\" data-element_type=\"container\" data-e-type=\"container\">\n\t\t\t\t\t<div class=\"e-con-inner\">\n\t\t\t\t<div class=\"elementor-element elementor-element-3a60e2a elementor-widget elementor-widget-html\" data-id=\"3a60e2a\" data-element_type=\"widget\" data-e-type=\"widget\" data-widget_type=\"html.default\">\n\t\t\t\t\t<!DOCTYPE html>\r\n<html lang=\"pt-BR\">\r\n<head>\r\n    <meta charset=\"UTF-8\">\r\n    <meta name=\"viewport\" content=\"width=device-width, initial-scale=1.0\">\r\n    <title>Pier de Porto Belo - Dom\u00ednio Premium \u00e0 Venda<\/title>\r\n    <style>\r\n        * {\r\n            margin: 0;\r\n            padding: 0;\r\n            box-sizing: border-box;\r\n        }\r\n\r\n        body {\r\n            font-family: 'Inter', -apple-system, BlinkMacSystemFont, \"Segoe UI\", sans-serif;\r\n            background: linear-gradient(to bottom, #0f2027, #203a43, #2c5364);\r\n            min-height: 100vh;\r\n            padding: 40px 20px;\r\n            color: #fff;\r\n        }\r\n\r\n        .header {\r\n            text-align: center;\r\n            margin-bottom: 50px;\r\n            animation: slideDown 0.8s ease-out;\r\n        }\r\n\r\n        @keyframes slideDown {\r\n            from {\r\n                opacity: 0;\r\n                transform: translateY(-30px);\r\n            }\r\n            to {\r\n                opacity: 1;\r\n                transform: translateY(0);\r\n            }\r\n        }\r\n\r\n        .logo {\r\n            font-size: 48px;\r\n            margin-bottom: 10px;\r\n        }\r\n\r\n        h1 {\r\n            font-size: 42px;\r\n            font-weight: 800;\r\n            margin-bottom: 10px;\r\n            background: linear-gradient(135deg, #667eea 0%, #764ba2 100%);\r\n            -webkit-background-clip: text;\r\n            -webkit-text-fill-color: transparent;\r\n            background-clip: text;\r\n        }\r\n\r\n        .subtitle {\r\n            font-size: 18px;\r\n            color: #a0aec0;\r\n            font-weight: 400;\r\n        }\r\n\r\n        .main-container {\r\n            max-width: 900px;\r\n            margin: 0 auto;\r\n            display: grid;\r\n            grid-template-columns: 1fr 1fr;\r\n            gap: 30px;\r\n            animation: fadeIn 1s ease-out;\r\n        }\r\n\r\n        @keyframes fadeIn {\r\n            from {\r\n                opacity: 0;\r\n            }\r\n            to {\r\n                opacity: 1;\r\n            }\r\n        }\r\n\r\n        .info-card {\r\n            background: rgba(255, 255, 255, 0.05);\r\n            backdrop-filter: blur(10px);\r\n            border: 1px solid rgba(255, 255, 255, 0.1);\r\n            border-radius: 20px;\r\n            padding: 35px;\r\n        }\r\n\r\n        .info-card h2 {\r\n            font-size: 24px;\r\n            margin-bottom: 20px;\r\n            color: #fff;\r\n        }\r\n\r\n        .domain-list {\r\n            list-style: none;\r\n            margin-bottom: 25px;\r\n        }\r\n\r\n        .domain-list li {\r\n            background: rgba(102, 126, 234, 0.2);\r\n            padding: 12px 18px;\r\n            border-radius: 10px;\r\n            margin-bottom: 10px;\r\n            font-size: 18px;\r\n            font-weight: 600;\r\n            color: #a0d8f1;\r\n        }\r\n\r\n        .benefits {\r\n            list-style: none;\r\n        }\r\n\r\n        .benefits li {\r\n            padding: 10px 0;\r\n            padding-left: 30px;\r\n            position: relative;\r\n            color: #cbd5e0;\r\n            line-height: 1.6;\r\n        }\r\n\r\n        .benefits li:before {\r\n            content: \"\u2713\";\r\n            position: absolute;\r\n            left: 0;\r\n            color: #48bb78;\r\n            font-weight: bold;\r\n            font-size: 20px;\r\n        }\r\n\r\n        .form-card {\r\n            background: rgba(255, 255, 255, 0.08);\r\n            backdrop-filter: blur(10px);\r\n            border: 1px solid rgba(255, 255, 255, 0.15);\r\n            border-radius: 20px;\r\n            padding: 35px;\r\n        }\r\n\r\n        .form-card h2 {\r\n            font-size: 24px;\r\n            margin-bottom: 25px;\r\n            color: #fff;\r\n        }\r\n\r\n        .form-group {\r\n            margin-bottom: 20px;\r\n        }\r\n\r\n        label {\r\n            display: block;\r\n            margin-bottom: 8px;\r\n            font-size: 14px;\r\n            font-weight: 500;\r\n            color: #e2e8f0;\r\n        }\r\n\r\n        input, textarea, select {\r\n            width: 100%;\r\n            padding: 12px 16px;\r\n            border: 1px solid rgba(255, 255, 255, 0.2);\r\n            border-radius: 10px;\r\n            background: rgba(255, 255, 255, 0.05);\r\n            color: #fff;\r\n            font-size: 15px;\r\n            font-family: inherit;\r\n            transition: all 0.3s ease;\r\n        }\r\n\r\n        input:focus, textarea:focus, select:focus {\r\n            outline: none;\r\n            border-color: #667eea;\r\n            background: rgba(255, 255, 255, 0.1);\r\n        }\r\n\r\n        textarea {\r\n            resize: vertical;\r\n            min-height: 100px;\r\n        }\r\n\r\n        select {\r\n            cursor: pointer;\r\n        }\r\n\r\n        option {\r\n            background: #203a43;\r\n            color: #fff;\r\n        }\r\n\r\n        .submit-btn {\r\n            width: 100%;\r\n            padding: 14px;\r\n            background: linear-gradient(135deg, #667eea 0%, #764ba2 100%);\r\n            border: none;\r\n            border-radius: 10px;\r\n            color: #fff;\r\n            font-size: 16px;\r\n            font-weight: 600;\r\n            cursor: pointer;\r\n            transition: transform 0.2s ease, box-shadow 0.2s ease;\r\n            box-shadow: 0 4px 15px rgba(102, 126, 234, 0.4);\r\n        }\r\n\r\n        .submit-btn:hover {\r\n            transform: translateY(-2px);\r\n            box-shadow: 0 6px 20px rgba(102, 126, 234, 0.6);\r\n        }\r\n\r\n        .submit-btn:active {\r\n            transform: translateY(0);\r\n        }\r\n\r\n        .footer {\r\n            text-align: center;\r\n            margin-top: 40px;\r\n            color: #718096;\r\n            font-size: 14px;\r\n        }\r\n\r\n        @media (max-width: 768px) {\r\n            .main-container {\r\n                grid-template-columns: 1fr;\r\n            }\r\n\r\n            h1 {\r\n                font-size: 32px;\r\n            }\r\n\r\n            .logo {\r\n                font-size: 36px;\r\n            }\r\n\r\n            .info-card, .form-card {\r\n                padding: 25px;\r\n            }\r\n        }\r\n    <\/style>\r\n<\/head>\r\n<body>\r\n    <div class=\"header\">\r\n        <div class=\"logo\">\u2693<\/div>\r\n        <h1>Pier de Porto Belo<\/h1>\r\n        <p class=\"subtitle\">Dom\u00ednios Premium \u00e0 Venda<\/p>\r\n    <\/div>\r\n\r\n    <div class=\"main-container\">\r\n        <div class=\"info-card\">\r\n            <h2>Dom\u00ednios Dispon\u00edveis<\/h2>\r\n            <ul class=\"domain-list\">\r\n                <li>pierdeportobelo.com.br<\/li>\r\n                <li>pierportobelo.com.br<\/li>\r\n            <\/ul>\r\n\r\n            <h2 style=\"margin-top: 30px;\">Por que investir?<\/h2>\r\n            <ul class=\"benefits\">\r\n                <li>Localiza\u00e7\u00e3o estrat\u00e9gica em Santa Catarina<\/li>\r\n                <li>Nome forte e memor\u00e1vel<\/li>\r\n                <li>Perfeito para turismo, n\u00e1utica e imobili\u00e1rio<\/li>\r\n                <li>Potencial para neg\u00f3cios locais<\/li>\r\n                <li>SEO favor\u00e1vel para buscas regionais<\/li>\r\n                \r\n            <\/ul>\r\n        <\/div>\r\n\r\n        <div class=\"form-card\">\r\n            <h2>Envie sua Proposta<\/h2>\r\n            <form id=\"proposalForm\">\r\n                <div class=\"form-group\">\r\n                    <label for=\"name\">Nome Completo *<\/label>\r\n                    <input type=\"text\" id=\"name\" name=\"name\" required>\r\n                <\/div>\r\n\r\n                <div class=\"form-group\">\r\n                    <label for=\"email\">E-mail *<\/label>\r\n                    <input type=\"email\" id=\"email\" name=\"email\" required>\r\n                <\/div>\r\n\r\n                <div class=\"form-group\">\r\n                    <label for=\"phone\">Telefone<\/label>\r\n                    <input type=\"tel\" id=\"phone\" name=\"phone\" placeholder=\"(00) 00000-0000\">\r\n                <\/div>\r\n\r\n                <div class=\"form-group\">\r\n                    <label for=\"domain\">Dom\u00ednio de Interesse *<\/label>\r\n                    <select id=\"domain\" name=\"domain\" required>\r\n                        <option value=\"\">Selecione...<\/option>\r\n                        <option value=\"pierdeportobelo.com.br\">pierdeportobelo.com.br<\/option>\r\n                        <option value=\"pierportobelo.com.br\">pierportobelo.com.br<\/option>\r\n                        <option value=\"ambos\">Ambos os dom\u00ednios<\/option>\r\n                    <\/select>\r\n                <\/div>\r\n\r\n                <div class=\"form-group\">\r\n                    <label for=\"message\">Mensagem \/ Proposta *<\/label>\r\n                    <textarea id=\"message\" name=\"message\" required placeholder=\"Descreva sua proposta, valor oferecido e como pretende usar o dom\u00ednio...\"><\/textarea>\r\n                <\/div>\r\n\r\n                <button type=\"submit\" class=\"submit-btn\">Enviar Proposta<\/button>\r\n            <\/form>\r\n        <\/div>\r\n    <\/div>\r\n\r\n    <div class=\"footer\">\r\n        <p>Todas as propostas ser\u00e3o analisadas com aten\u00e7\u00e3o. Responderemos em at\u00e9 48 horas.<\/p>\r\n    <\/div>\r\n\r\n    <script>\r\n        document.getElementById('proposalForm').addEventListener('submit', function(e) {\r\n            e.preventDefault();\r\n\r\n            const name = document.getElementById('name').value;\r\n            const email = document.getElementById('email').value;\r\n            const phone = document.getElementById('phone').value;\r\n            const domain = document.getElementById('domain').value;\r\n            const message = document.getElementById('message').value;\r\n\r\n            const subject = `Proposta de Compra - ${domain}`;\r\n            const body = `Nome: ${name}%0D%0AE-mail: ${email}%0D%0ATelefone: ${phone}%0D%0ADom\u00ednio: ${domain}%0D%0A%0D%0AMensagem:%0D%0A${encodeURIComponent(message)}`;\r\n\r\n            window.location.href = `mailto:dominio@pierdeportobelo.com.br?subject=${encodeURIComponent(subject)}&body=${body}`;\r\n        });\r\n    <\/script>\r\n<\/body>\r\n<\/html>\r\n\t\t\t\t<\/div>\n\t\t\t\t\t<\/div>\n\t\t\t\t<\/div>\n\t\t\t\t<\/div>\n\t\t","protected":false},"excerpt":{"rendered":"<p>Pier de Porto Belo &#8211; Dom\u00ednio Premium \u00e0 Venda \u2693 Pier de Porto Belo Dom\u00ednios Premium \u00e0 Venda Dom\u00ednios Dispon\u00edveis pierdeportobelo.com.br pierportobelo.com.br Por que investir? Localiza\u00e7\u00e3o estrat\u00e9gica em Santa Catarina Nome forte e memor\u00e1vel Perfeito para turismo, n\u00e1utica e imobili\u00e1rio Potencial para neg\u00f3cios locais SEO favor\u00e1vel para buscas regionais Envie sua Proposta Nome Completo * [&hellip;]<\/p>\n","protected":false},"author":1,"featured_media":0,"parent":0,"menu_order":0,"comment_status":"closed","ping_status":"closed","template":"elementor_canvas","meta":{"footnotes":""},"class_list":["post-9","page","type-page","status-publish","hentry"],"_links":{"self":[{"href":"https:\/\/pierportobelo.com.br\/index.php\/wp-json\/wp\/v2\/pages\/9","targetHints":{"allow":["GET"]}}],"collection":[{"href":"https:\/\/pierportobelo.com.br\/index.php\/wp-json\/wp\/v2\/pages"}],"about":[{"href":"https:\/\/pierportobelo.com.br\/index.php\/wp-json\/wp\/v2\/types\/page"}],"author":[{"embeddable":true,"href":"https:\/\/pierportobelo.com.br\/index.php\/wp-json\/wp\/v2\/users\/1"}],"replies":[{"embeddable":true,"href":"https:\/\/pierportobelo.com.br\/index.php\/wp-json\/wp\/v2\/comments?post=9"}],"version-history":[{"count":4,"href":"https:\/\/pierportobelo.com.br\/index.php\/wp-json\/wp\/v2\/pages\/9\/revisions"}],"predecessor-version":[{"id":15,"href":"https:\/\/pierportobelo.com.br\/index.php\/wp-json\/wp\/v2\/pages\/9\/revisions\/15"}],"wp:attachment":[{"href":"https:\/\/pierportobelo.com.br\/index.php\/wp-json\/wp\/v2\/media?parent=9"}],"curies":[{"name":"wp","href":"https:\/\/api.w.org\/{rel}","templated":true}]}}